{"id":3,"date":"2024-02-27T13:34:59","date_gmt":"2024-02-27T13:34:59","guid":{"rendered":"https:\/\/mawari.at\/?page_id=3"},"modified":"2024-03-06T13:56:48","modified_gmt":"2024-03-06T13:56:48","slug":"privacy-policy","status":"publish","type":"page","link":"https:\/\/mawari.at\/index.php\/privacy-policy\/","title":{"rendered":"Privacy Policy"},"content":{"rendered":"\r\n<p>Datenschutzerkl\u00e4rung<br \/>Allgemeine Hinweise<\/p>\r\n<p>Die folgenden Hinweise geben einen einfachen \u00dcberblick dar\u00fcber, was mit Ihren personenbezogenen Daten passiert, wenn Sie meine Website besuchen.<\/p>\r\n<p>Personenbezogene Daten sind alle Daten, mit denen Sie pers\u00f6nlich identifiziert werden k\u00f6nnen. Ausf\u00fchrliche Informationen zum Thema Datenschutz entnehmen Sie bitte folgender Datenschutzerkl\u00e4rung.<\/p>\r\n<p><br \/>Datenerfassung auf dieser Website<\/p>\r\n<p>Die Datenverarbeitung auf dieser Website erfolgt durch den Websitebetreiber. Dessen Kontaktdaten k\u00f6nnen Sie dem Impressum dieser Website entnehmen.<\/p>\r\n<p><br \/>Die Bilder auf dieser Website<\/p>\r\n<p>Die Verwendung von Bildern auf dieser Website, die Personen zeigen, erfolgt nur mit deren Genehmigung<\/p>\r\n<p><br \/>Wie erfasse ich Ihre Daten?<\/p>\r\n<p>Ihre Daten werden zum einen dadurch erhoben, dass Sie uns diese mitteilen. Hierbei kann es sich z.B. um Daten handeln, die Sie in ein Kontaktformular eingeben. Andere Daten werden automatisch beim Besuch der Website durch unsere IT-Systeme erfasst. Das sind vor allem technische Daten (z.B. Internetbrowser, Betriebssystem oder Uhrzeit des Seitenaufrufs). Die Erfassung dieser Daten erfolgt automatisch, sobald Sie unsere Website betreten.<\/p>\r\n<p><br \/>Wof\u00fcr nutze ich Ihre Daten?<\/p>\r\n<p>Ihnen stehen grunds\u00e4tzlich die Rechte auf Auskunft, Berichtigung, L\u00f6schung, Einschr\u00e4nkung, Daten\u00fcbertragbarkeit, Widerruf und Widerspruch zu. Wenn Sie glauben, dass die Verarbeitung Ihrer Daten gegen das Datenschutzrecht verst\u00f6\u00dft oder Ihre datenschutzrechtlichen Anspr\u00fcche sonst in einer Weise verletzt worden sind, k\u00f6nnen Sie sich bei der Aufsichtsbeh\u00f6rde beschweren. In \u00d6sterreich ist dies die Datenschutzbeh\u00f6rde, deren Webseiten Sie unter https:\/\/www.dsb.gv.at\/ finden.<br \/>Ein Teil der Daten wird erhoben, um eine fehlerfreie Bereitstellung der Website zu gew\u00e4hrleisten. Andere Daten k\u00f6nnen zur Analyse Ihres Nutzerverhaltens verwendet werden.<\/p>\r\n<p><br \/>Die Rechte an Ihren Daten<\/p>\r\n<p>Sie haben jederzeit das Recht unentgeltlich Auskunft \u00fcber Herkunft, Empf\u00e4nger und Zweck Ihrer gespeicherten personenbezogenen Daten zu erhalten. Sie haben au\u00dferdem ein Recht, die Berichtigung, Sperrung oder L\u00f6schung dieser Daten zu verlangen. Hierzu sowie zu weiteren Fragen zum Thema Datenschutz k\u00f6nnen Sie sich jederzeit unter der im Impressum angegebenen Adresse an uns wenden. Des Weiteren steht Ihnen ein Beschwerderecht bei der zust\u00e4ndigen Aufsichtsbeh\u00f6rde zu. Au\u00dferdem haben Sie das Recht, unter bestimmten Umst\u00e4nden die Einschr\u00e4nkung der Verarbeitung Ihrer personenbezogenen Daten zu verlangen.<\/p>\r\n<p><br \/>Datenschutz Pflichtinformationen<\/p>\r\n<p>&nbsp;<\/p>\r\n<p>Ich behandle Ihre personenbezogenen Daten vertraulich und entsprechend der gesetzlichen Datenschutzvorschriften sowie dieser Datenschutzerkl\u00e4rung. Wenn Sie diese Website benutzen, werden verschiedene personenbezogene Daten erhoben. Personenbezogene Daten sind Daten, mit denen Sie pers\u00f6nlich identifiziert werden k\u00f6nnen. Die vorliegende Datenschutzerkl\u00e4rung erl\u00e4utert, welche Daten ich erhebe und wof\u00fcr ich sie nutzen. Sie erl\u00e4utert auch, wie und zu welchem Zweck das geschieht. Ich weise darauf hin, dass die Daten\u00fcbertragung im Internet (z.B. bei der Kommunikation per E-Mail) Sicherheitsl\u00fccken aufweisen kann. Ein l\u00fcckenloser Schutz der Daten vor dem Zugriff durch Dritte ist nicht m\u00f6glich.<\/p>\r\n<p><br \/>Widerruf Ihrer Einwilligung zur Datenverarbeitung<\/p>\r\n<p>Viele Datenverarbeitungsvorg\u00e4nge sind nur mit Ihrer ausdr\u00fccklichen Einwilligung m\u00f6glich. Sie k\u00f6nnen eine bereits erteilte Einwilligung jederzeit widerrufen. Dazu reicht eine formlose Mitteilung per E-Mail an uns. Die Rechtm\u00e4\u00dfigkeit der bis zum Widerruf erfolgten Datenverarbeitung bleibt vom Widerruf unber\u00fchrt.<\/p>\r\n<p>&nbsp;<\/p>\r\n<p><br \/>Beschwerderecht bei der zust\u00e4ndigen Aufsichtsbeh\u00f6rde<\/p>\r\n<p>Im Falle von Verst\u00f6\u00dfen gegen die DSGVO steht den Betroffenen ein Beschwerderecht bei einer Aufsichtsbeh\u00f6rde, insbesondere in dem Mitgliedstaat ihres gew\u00f6hnlichen Aufenthalts, ihres Arbeitsplatzes oder des Orts des mutma\u00dflichen Versto\u00dfes zu. Das Beschwerderecht besteht unbeschadet anderweitiger verwaltungsrechtlicher oder gerichtlicher Rechtsbehelfe. Eine Liste der Datenschutzbeauftragten sowie deren Kontaktdaten k\u00f6nnen folgendem Link entnommen werden: https:\/\/www.dsb.gv.at\/kontakt (f\u00fcr \u00d6sterreich).<\/p>\r\n<p><br \/>Recht auf Daten\u00fcbertragbarkeit<\/p>\r\n<p>Sie haben das Recht, Daten, die ich auf Grundlage Ihrer Einwilligung oder in Erf\u00fcllung eines Vertrags automatisiert verarbeiten, an sich oder an einen Dritten in einem g\u00e4ngigen, maschinenlesbaren Format aush\u00e4ndigen zu lassen. Sofern Sie die direkte \u00dcbertragung der Daten an einen anderen Verantwortlichen verlangen, erfolgt dies nur, soweit es technisch machbar ist.<\/p>\r\n<p><br \/>Auskunft, Sperrung, L\u00f6schung und Berichtigung<\/p>\r\n<p>Sie haben im Rahmen der geltenden gesetzlichen Bestimmungen jederzeit das Recht auf unentgeltliche Auskunft \u00fcber Ihre gespeicherten personenbezogenen Daten, deren Herkunft und Empf\u00e4nger und den Zweck der Datenverarbeitung und ggf. ein Recht auf Berichtigung, Sperrung oder L\u00f6schung dieser Daten. Hierzu sowie zu weiteren Fragen zum Thema personenbezogene Daten k\u00f6nnen Sie sich jederzeit unter der im Impressum angegebenen Adresse an mich wenden.<\/p>\r\n<p><br \/>Widerspruch gegen Werbe-Mails<\/p>\r\n<p>Der Nutzung von im Rahmen der Impressumspflicht ver\u00f6ffentlichten Kontaktdaten zur \u00dcbersendung von nicht ausdr\u00fccklich angeforderter Werbung und Informationsmaterialien wird hiermit widersprochen. Die Betreiber der Seiten behalten sich ausdr\u00fccklich rechtliche Schritte im Falle der unverlangten Zusendung von Werbeinformationen, etwa durch Spam-E-Mails, vor.<\/p>\r\n<p>&nbsp;<\/p>\r\n<p>&nbsp;<\/p>\r\n<p>Datenerfassung auf meiner Website<\/p>\r\n<p>Cookies<\/p>\r\n<p>Diese Internetseiten verwenden teilweise so genannte Cookies. Cookies richten auf Ihrem Rechner keinen Schaden an und enthalten keine Viren. Cookies dienen dazu, mein Angebot nutzerfreundlicher, effektiver und sicherer zu machen. Cookies sind kleine Textdateien, die auf Ihrem Rechner abgelegt werden und die Ihr Browser speichert.<br \/>Die meisten der von mir verwendeten Cookies sind so genannte \u201cSession-Cookies\u201d. Sie werden nach Ende Ihres Besuchs automatisch gel\u00f6scht. Andere Cookies bleiben auf Ihrem Endger\u00e4t gespeichert bis Sie diese l\u00f6schen. Diese Cookies erm\u00f6glichen es mir, Ihren Browser beim n\u00e4chsten Besuch wiederzuerkennen.<\/p>\r\n<p>Sie k\u00f6nnen Ihren Browser so einstellen, dass Sie \u00fcber das Setzen von Cookies informiert werden und Cookies nur im Einzelfall erlauben, die Annahme von Cookies f\u00fcr bestimmte F\u00e4lle oder generell ausschlie\u00dfen sowie das automatische L\u00f6schen der Cookies beim Schlie\u00dfen des Browser aktivieren. Bei der Deaktivierung von Cookies kann die Funktionalit\u00e4t dieser Website eingeschr\u00e4nkt sein.<\/p>\r\n<p>Cookies, die zur Durchf\u00fchrung des elektronischen Kommunikationsvorgangs oder zur Bereitstellung bestimmter, von Ihnen erw\u00fcnschter Funktionen (z.B. Warenkorbfunktion) erforderlich sind, werden auf Grundlage von Art. 6 Abs. 1 lit. f DSGVO gespeichert. Der Websitebetreiber hat ein berechtigtes Interesse an der Speicherung von Cookies zur technisch fehlerfreien und optimierten Bereitstellung seiner Dienste. Soweit andere Cookies (z.B. Cookies zur Analyse Ihres Surfverhaltens) gespeichert werden, werden diese in dieser Datenschutzerkl\u00e4rung gesondert behandelt.<\/p>\r\n<p><br \/>Server-Log-Dateien<\/p>\r\n<p>Der Provider der Seiten erhebt und speichert automatisch Informationen in so genannten Server-Log-Dateien, die Ihr Browser automatisch an uns \u00fcbermittelt. Dies sind:<br \/>Browsertyp und Browserversion<br \/>verwendetes Betriebssystem<br \/>Referrer URL<br \/>Hostname des zugreifenden Rechners<br \/>Uhrzeit der Serveranfrage<br \/>IP-Adresse<\/p>\r\n<p>Eine Zusammenf\u00fchrung dieser Daten mit anderen Datenquellen wird nicht vorgenommen. Die Erfassung dieser Daten erfolgt auf Grundlage von Art. 6 Abs. 1 lit. f DSGVO. Der Websitebetreiber hat ein berechtigtes Interesse an der technisch fehlerfreien Darstellung und der Optimierung seiner Website \u2013 hierzu m\u00fcssen die Server-Log-Files erfasst werden.<\/p>\r\n<p><br \/>Analyse-Tools und Tools von Drittanbietern<\/p>\r\n<p>Beim Besuch meiner Website kann Ihr Surf-Verhalten statistisch ausgewertet werden. Das geschieht vor allem mit Cookies und mit sogenannten Analyseprogrammen. Die Analyse Ihres Surf-Verhaltens erfolgt in der Regel anonym; das Surf-Verhalten kann nicht zu Ihnen zur\u00fcckverfolgt werden. Sie k\u00f6nnen dieser Analyse widersprechen oder sie durch die Nichtbenutzung bestimmter Tools verhindern. Detaillierte Informationen dazu finden Sie in der folgenden Datenschutzerkl\u00e4rung. Sie k\u00f6nnen dieser Analyse widersprechen. \u00dcber die Widerspruchsm\u00f6glichkeiten werden wir Sie in dieser Datenschutzerkl\u00e4rung informieren.<\/p>\r\n<p><br \/>Google Fonts Datenschutzerkl\u00e4rung<\/p>\r\n<p>Auf dieser Website verwende ich vielleicht Google Fonts der Firma Google Inc. (1600 Amphitheatre Parkway Mountain View, CA 94043, USA). Die Verwendung von Google Fonts erfolgt ohne Authentisierung und es werden keine Cookies and die Google Fonts API gesendet. Sollten Sie ein Konto bei Google haben, werden keine Ihrer Google-Kontodaten an Google w\u00e4hrend der Nutzung von Google Fonts \u00fcbermittelt. Google erfasst lediglich die Nutzung von CSS und der verwendeten Fonts und speichert diese Daten sicher. Mehr zu diesen und weiteren Fragen finden Sie auf https:\/\/developers.google.com\/fonts\/faq.<\/p>\r\n<p>Welche Daten von Google erfasst werden und wof\u00fcr diese Daten verwendet werden, k\u00f6nnen Sie auf https:\/\/www.google.com\/intl\/de\/policies\/privacy\/ nachlesen.<\/p>\r\n<p>&nbsp;<\/p>\r\n<p><br \/>Facebook Datenschutzerkl\u00e4rung<\/p>\r\n<p>Auf dieser Website verwende ich Funktionen von Facebook, einem Social Media Network der FIrma Facebook Ireland Ltd., 4 Grand Canal Square, Grand Canal Harbour, Dublin 2 Ireland.<br \/>Welche Funktionen bzw. social plug-ins Facebook bereitstellt, k\u00f6nnen Sie auf https:\/\/developers.facebook.com\/docs\/plugins\/ nachlesen.<br \/>Durch den Besuch unserer Webseite k\u00f6nnen Informationen an Facebook \u00fcbermittelt werden. Wenn Sie \u00fcber ein Facebook-Konto verf\u00fcgen, kann Facebook diese Daten Ihrem pers\u00f6nlichen Konto zuordnen. Sollten Sie das nicht w\u00fcnschen, melden Sie sich bitte von Facebook ab.<br \/>Die Datenschutzrichtlinien, welche Informationen Facebook sammelt und wie sie diese verwenden finden Sie auf https:\/\/www.facebook.com\/policy.php.<\/p>\r\n<p><br \/>Instagram Datenschutzerkl\u00e4rung<\/p>\r\n<p>Auf dieser Website verwende ich die Funktionen des Social Media Netzwerks Instagram der Firma Instagram LLC, 1601 Willow Rd, Menlo Park CA 94025, USA.<br \/>Mit den Funktionen zum Einbetten von Instagram-Inhalten kann ich meine Bilder gegenseitig mit meinem Instagram Firmen Account und dieser Website verkn\u00fcpfen. Wenn Sie Seiten aufrufen, die solche Funktionen nutzen, werden Daten (wie IP-Adresse, Browserdaten, Datum sowie Zeitpunkt und Cookies) an Instagram \u00fcbermittelt, gespeichert und ausgewertet.<br \/>Sollten Sie ein Instagram-Konto haben und angemeldet sein, werden diese Daten Ihrem pers\u00f6nlichen Konto und den darin gespeicherten Daten zugeordnet.<br \/>Die Datenschutzrichtlinien, welche Informationen Instagram sammelt und wie sie diese verwenden finden Sie auf https:\/\/help.instagram.com\/155833707900388.<\/p>\r\n<p><br \/>Facebook-Pixel Datenschutzerkl\u00e4rung<\/p>\r\n<p>Auf dieser Website verwende ich das Facebook Pixel von Facebook, einem Social Media Network der Firma Facebook Ireland Ltd., 4 Grand Canal Square, Grand Canal Harbour, Dublin 2 Ireland.<br \/>Der auf dieser Seite mit dem Facebook Pixel eingebaute Code kann das Verhalten der Besucher auswerten, welche von einer Facebook-Werbung auf diese Webseite gelangt sind. Dies kann zur Verbesserung von Facebook-Werbeanzeigen genutzt werden und diese Daten werden von Facebook erfasst und gespeichert. Die erfassten Daten sind f\u00fcr mich selbst nicht einsehbar, sie werden nur im Zusammenhang von Werbeanzeigenschaltungen nutzbar. Durch den Einsatz des Facebook-Pixel-Codes werden auch Cookies gesetzt.<br \/>Durch die Nutzung des Facebook-Pixels wird der Besuch dieser Website Facebook mitgeteilt, damit Besuchern auf Facebook passende Anzeigen angeboten werden. Wenn Sie ein Facebook-Konto besitzen und angemeldet sind, wird der Besuch dieser Webseite Ihrem Facebook-Benutzerkonto zugeordnet.<br \/>Wie das Facebook-Pixel f\u00fcr Werbekampagnen genutzt wird, erfahren Sie auf https:\/\/www.facebook.com\/business\/learn\/facebook-ads-pixel.<br \/>Sie k\u00f6nnen Ihre Einstellungen f\u00fcr Werbeanzeigen in Facebook auf https:\/\/www.facebook.com\/ads\/preferences\/?entry_product=ad_settings_screen ver\u00e4ndern und anpassen, sofern Sie bei Facebook angemeldet sind. Sie k\u00f6nnen Ihre Vorlieben bez\u00fcglich nutzungsbasierter Online-Werbung zus\u00e4tzlich unter http:\/\/www.youronlinechoices.com\/de\/praferenzmanagement\/ verwalten. Dort k\u00f6nnen Sie viele Anbieter auf einmal deaktivieren bzw. aktivieren aber auch die Einstellungen f\u00fcr einzelne Anbieter vornehmen.<br \/>Mehr Informationen zur Datenrichtlinie von Facebook finden Sie auf https:\/\/www.facebook.com\/policy.php.<\/p>\r\n","protected":false},"excerpt":{"rendered":"<p>Datenschutzerkl\u00e4rungAllgemeine Hinweise Die folgenden Hinweise geben einen einfachen \u00dcberblick dar\u00fcber, [&hellip;]<\/p>\n","protected":false},"author":1,"featured_media":0,"parent":0,"menu_order":0,"comment_status":"closed","ping_status":"open","template":"","meta":{"footnotes":""},"class_list":["post-3","page","type-page","status-publish","hentry"],"yoast_head":"<!-- This site is optimized with the Yoast SEO plugin v23.0 - https:\/\/yoast.com\/wordpress\/plugins\/seo\/ -->\n<title>Privacy Policy - mawari<\/title>\n<meta name=\"robots\" content=\"index, follow, max-snippet:-1, max-image-preview:large, max-video-preview:-1\" \/>\n<link rel=\"canonical\" href=\"https:\/\/mawari.at\/index.php\/privacy-policy\/\" \/>\n<meta property=\"og:locale\" content=\"de_DE\" \/>\n<meta property=\"og:type\" content=\"article\" \/>\n<meta property=\"og:title\" content=\"Privacy Policy - mawari\" \/>\n<meta property=\"og:description\" content=\"Datenschutzerkl\u00e4rungAllgemeine Hinweise Die folgenden Hinweise geben einen einfachen \u00dcberblick dar\u00fcber, [&hellip;]\" \/>\n<meta property=\"og:url\" content=\"https:\/\/mawari.at\/index.php\/privacy-policy\/\" \/>\n<meta property=\"og:site_name\" content=\"mawari\" \/>\n<meta property=\"article:modified_time\" content=\"2024-03-06T13:56:48+00:00\" \/>\n<meta name=\"twitter:card\" content=\"summary_large_image\" \/>\n<meta name=\"twitter:label1\" content=\"Gesch\u00e4tzte Lesezeit\" \/>\n\t<meta name=\"twitter:data1\" content=\"9\u00a0Minuten\" \/>\n<script type=\"application\/ld+json\" class=\"yoast-schema-graph\">{\"@context\":\"https:\/\/schema.org\",\"@graph\":[{\"@type\":\"WebPage\",\"@id\":\"https:\/\/mawari.at\/index.php\/privacy-policy\/\",\"url\":\"https:\/\/mawari.at\/index.php\/privacy-policy\/\",\"name\":\"Privacy Policy - mawari\",\"isPartOf\":{\"@id\":\"https:\/\/mawari.at\/#website\"},\"datePublished\":\"2024-02-27T13:34:59+00:00\",\"dateModified\":\"2024-03-06T13:56:48+00:00\",\"breadcrumb\":{\"@id\":\"https:\/\/mawari.at\/index.php\/privacy-policy\/#breadcrumb\"},\"inLanguage\":\"de\",\"potentialAction\":[{\"@type\":\"ReadAction\",\"target\":[\"https:\/\/mawari.at\/index.php\/privacy-policy\/\"]}]},{\"@type\":\"BreadcrumbList\",\"@id\":\"https:\/\/mawari.at\/index.php\/privacy-policy\/#breadcrumb\",\"itemListElement\":[{\"@type\":\"ListItem\",\"position\":1,\"name\":\"Startseite\",\"item\":\"https:\/\/mawari.at\/\"},{\"@type\":\"ListItem\",\"position\":2,\"name\":\"Privacy Policy\"}]},{\"@type\":\"WebSite\",\"@id\":\"https:\/\/mawari.at\/#website\",\"url\":\"https:\/\/mawari.at\/\",\"name\":\"mawari\",\"description\":\"\",\"publisher\":{\"@id\":\"https:\/\/mawari.at\/#organization\"},\"potentialAction\":[{\"@type\":\"SearchAction\",\"target\":{\"@type\":\"EntryPoint\",\"urlTemplate\":\"https:\/\/mawari.at\/?s={search_term_string}\"},\"query-input\":\"required name=search_term_string\"}],\"inLanguage\":\"de\"},{\"@type\":\"Organization\",\"@id\":\"https:\/\/mawari.at\/#organization\",\"name\":\"mawari\",\"url\":\"https:\/\/mawari.at\/\",\"logo\":{\"@type\":\"ImageObject\",\"inLanguage\":\"de\",\"@id\":\"https:\/\/mawari.at\/#\/schema\/logo\/image\/\",\"url\":\"https:\/\/mawari.at\/wp-content\/uploads\/2024\/02\/mawari_logo_140.png\",\"contentUrl\":\"https:\/\/mawari.at\/wp-content\/uploads\/2024\/02\/mawari_logo_140.png\",\"width\":141,\"height\":100,\"caption\":\"mawari\"},\"image\":{\"@id\":\"https:\/\/mawari.at\/#\/schema\/logo\/image\/\"}}]}<\/script>\n<!-- \/ Yoast SEO plugin. -->","yoast_head_json":{"title":"Privacy Policy - mawari","robots":{"index":"index","follow":"follow","max-snippet":"max-snippet:-1","max-image-preview":"max-image-preview:large","max-video-preview":"max-video-preview:-1"},"canonical":"https:\/\/mawari.at\/index.php\/privacy-policy\/","og_locale":"de_DE","og_type":"article","og_title":"Privacy Policy - mawari","og_description":"Datenschutzerkl\u00e4rungAllgemeine Hinweise Die folgenden Hinweise geben einen einfachen \u00dcberblick dar\u00fcber, [&hellip;]","og_url":"https:\/\/mawari.at\/index.php\/privacy-policy\/","og_site_name":"mawari","article_modified_time":"2024-03-06T13:56:48+00:00","twitter_card":"summary_large_image","twitter_misc":{"Gesch\u00e4tzte Lesezeit":"9\u00a0Minuten"},"schema":{"@context":"https:\/\/schema.org","@graph":[{"@type":"WebPage","@id":"https:\/\/mawari.at\/index.php\/privacy-policy\/","url":"https:\/\/mawari.at\/index.php\/privacy-policy\/","name":"Privacy Policy - mawari","isPartOf":{"@id":"https:\/\/mawari.at\/#website"},"datePublished":"2024-02-27T13:34:59+00:00","dateModified":"2024-03-06T13:56:48+00:00","breadcrumb":{"@id":"https:\/\/mawari.at\/index.php\/privacy-policy\/#breadcrumb"},"inLanguage":"de","potentialAction":[{"@type":"ReadAction","target":["https:\/\/mawari.at\/index.php\/privacy-policy\/"]}]},{"@type":"BreadcrumbList","@id":"https:\/\/mawari.at\/index.php\/privacy-policy\/#breadcrumb","itemListElement":[{"@type":"ListItem","position":1,"name":"Startseite","item":"https:\/\/mawari.at\/"},{"@type":"ListItem","position":2,"name":"Privacy Policy"}]},{"@type":"WebSite","@id":"https:\/\/mawari.at\/#website","url":"https:\/\/mawari.at\/","name":"mawari","description":"","publisher":{"@id":"https:\/\/mawari.at\/#organization"},"potentialAction":[{"@type":"SearchAction","target":{"@type":"EntryPoint","urlTemplate":"https:\/\/mawari.at\/?s={search_term_string}"},"query-input":"required name=search_term_string"}],"inLanguage":"de"},{"@type":"Organization","@id":"https:\/\/mawari.at\/#organization","name":"mawari","url":"https:\/\/mawari.at\/","logo":{"@type":"ImageObject","inLanguage":"de","@id":"https:\/\/mawari.at\/#\/schema\/logo\/image\/","url":"https:\/\/mawari.at\/wp-content\/uploads\/2024\/02\/mawari_logo_140.png","contentUrl":"https:\/\/mawari.at\/wp-content\/uploads\/2024\/02\/mawari_logo_140.png","width":141,"height":100,"caption":"mawari"},"image":{"@id":"https:\/\/mawari.at\/#\/schema\/logo\/image\/"}}]}},"_links":{"self":[{"href":"https:\/\/mawari.at\/index.php\/wp-json\/wp\/v2\/pages\/3","targetHints":{"allow":["GET"]}}],"collection":[{"href":"https:\/\/mawari.at\/index.php\/wp-json\/wp\/v2\/pages"}],"about":[{"href":"https:\/\/mawari.at\/index.php\/wp-json\/wp\/v2\/types\/page"}],"author":[{"embeddable":true,"href":"https:\/\/mawari.at\/index.php\/wp-json\/wp\/v2\/users\/1"}],"replies":[{"embeddable":true,"href":"https:\/\/mawari.at\/index.php\/wp-json\/wp\/v2\/comments?post=3"}],"version-history":[{"count":2,"href":"https:\/\/mawari.at\/index.php\/wp-json\/wp\/v2\/pages\/3\/revisions"}],"predecessor-version":[{"id":1332,"href":"https:\/\/mawari.at\/index.php\/wp-json\/wp\/v2\/pages\/3\/revisions\/1332"}],"wp:attachment":[{"href":"https:\/\/mawari.at\/index.php\/wp-json\/wp\/v2\/media?parent=3"}],"curies":[{"name":"wp","href":"https:\/\/api.w.org\/{rel}","templated":true}]}}